{"id":134,"date":"2026-04-21T21:10:19","date_gmt":"2026-04-21T19:10:19","guid":{"rendered":"https:\/\/www.maxim-steyr.at\/?page_id=134"},"modified":"2026-04-22T14:34:32","modified_gmt":"2026-04-22T12:34:32","slug":"impressum-datenschutz","status":"publish","type":"page","link":"https:\/\/www.maxim-steyr.at\/?page_id=134","title":{"rendered":"Impressum &amp; Datenschutz"},"content":{"rendered":"\n<p>Impressum<\/p>\n\n\n\n<p>Informationen gem\u00e4\u00df den geltenden \u00f6sterreichischen Rechtsvorschriften<\/p>\n\n\n\n<p>Adresse:<br>Badgasse 2<br>4400 Steyr<br>\u00d6sterreich<\/p>\n\n\n\n<p>Kontakt:<br>E-Mail: office@maxim-steyr.at<\/p>\n\n\n\n<p>Website-Inhalte:<br>Die Inhalte dieser Website wurden mit gr\u00f6\u00dftm\u00f6glicher Sorgfalt erstellt. Dennoch wird keine Gew\u00e4hr f\u00fcr die Richtigkeit, Vollst\u00e4ndigkeit und Aktualit\u00e4t der Inhalte \u00fcbernommen.<\/p>\n\n\n\n<p>Haftung f\u00fcr Links:<br>Diese Website kann Links zu externen Websites Dritter enthalten. Wir haben keinen Einfluss auf die Inhalte dieser Websites und \u00fcbernehmen daher keine Haftung f\u00fcr fremde Inhalte. F\u00fcr die Inhalte der verlinkten Seiten ist stets der jeweilige Anbieter oder Betreiber verantwortlich.<\/p>\n\n\n\n<p>Urheberrecht:<br>Alle Inhalte dieser Website, einschlie\u00dflich Texte, Bilder und Grafiken, unterliegen dem Urheberrecht, sofern nicht anders angegeben. Jegliche Nutzung ohne vorherige schriftliche Genehmigung ist untersagt.<\/p>\n\n\n\n<p>Datenschutzbestimmungen:<br>Wir nehmen den Schutz Ihrer pers\u00f6nlichen Daten ernst. Wir verarbeiten Ihre Daten ausschlie\u00dflich auf Grundlage der geltenden gesetzlichen Bestimmungen, insbesondere der DSGVO.<br><br>Verantwortlich f\u00fcr die Datenverarbeitung auf dieser Website:<br>GTN GmbH, Spittelwiese 15, 4020 Linz<\/p>\n\n\n\n<ol class=\"wp-block-list\"><\/ol>\n\n\n\n<p>Erhebung und Verarbeitung personenbezogener Daten:<br>Beim Besuch dieser Website werden bestimmte technische Daten automatisch vom Hosting-Anbieter verarbeitet, wie beispielsweise:<\/p>\n\n\n\n<ol start=\"2\" class=\"wp-block-list\"><\/ol>\n\n\n\n<p>IP-Adresse<br>Datum und Uhrzeit des Zugriffs<br>Browsertyp und -version<br>Betriebssystem<br>besuchte Seiten<br>Diese Verarbeitung ist erforderlich, um den sicheren Betrieb der Website zu gew\u00e4hrleisten.<\/p>\n\n\n\n<p>Kontaktaufnahme:<br>Wenn Sie uns per E-Mail oder \u00fcber ein Kontaktformular kontaktieren, werden die von Ihnen angegebenen Daten zum Zweck der Bearbeitung Ihrer Anfrage und f\u00fcr eventuelle R\u00fcckfragen gespeichert.<\/p>\n\n\n\n<p>Cookies:<br>Unsere Website verwendet m\u00f6glicherweise Cookies. Cookies sind kleine Textdateien, die auf Ihrem Endger\u00e4t gespeichert werden. Einige Cookies sind technisch notwendig f\u00fcr den Betrieb der Website.<\/p>\n\n\n\n<ol start=\"3\" class=\"wp-block-list\"><\/ol>\n\n\n\n<p>Nicht notwendige Cookies werden nur mit Ihrer Einwilligung gesetzt. Gem\u00e4\u00df EU-Recht ben\u00f6tigen viele Cookies, die f\u00fcr Analyse-, Werbe- oder Trackingzwecke verwendet werden, eine vorherige Einwilligung.<\/p>\n\n\n\n<p>Diese Website wird gehostet von:<br>World4You Internet Services GmbH, Wolfgang-Pauli-Stra\u00dfe 2, 4020 Linz<\/p>\n\n\n\n<ol start=\"5\" class=\"wp-block-list\"><\/ol>\n\n\n\n<p>Zum Betrieb der Website verarbeitet der Hosting-Anbieter in unserem Auftrag Zugriffsdaten und Server-Logdateien.<\/p>\n\n\n\n<p>Datenweitergabe:<br>Ihre personenbezogenen Daten werden nicht an Dritte verkauft oder weitergegeben, es sei denn:<\/p>\n\n\n\n<ol start=\"6\" class=\"wp-block-list\"><\/ol>\n\n\n\n<p>dies ist zur Vertragserf\u00fcllung erforderlich,<br>Sie haben Ihre Einwilligung erteilt,<br>es besteht eine gesetzliche Verpflichtung oder<br>die Weitergabe ist zur Geltendmachung, Aus\u00fcbung oder Verteidigung von Rechtsanspr\u00fcchen erforderlich.<\/p>\n\n\n\n<p>Speicherdauer:<br>Wir speichern personenbezogene Daten nur so lange, wie es f\u00fcr die jeweiligen Zwecke erforderlich ist und gesetzliche Aufbewahrungspflichten dies vorschreiben.<\/p>\n\n\n\n<p>Sie haben das Recht:<\/p>\n\n\n\n<ol start=\"7\" class=\"wp-block-list\"><\/ol>\n\n\n\n<p>auf Ihre gespeicherten personenbezogenen Daten zuzugreifen,<br>die Berichtigung unrichtiger Daten zu verlangen,<br>die L\u00f6schung Ihrer Daten zu verlangen,<br>die Einschr\u00e4nkung der Verarbeitung zu verlangen,<br>der Verarbeitung zu widersprechen,<br>Ihre Daten gegebenenfalls in einem portablen Format zu erhalten,<br>Ihre Einwilligung jederzeit mit Wirkung f\u00fcr die Zukunft zu widerrufen.<\/p>\n\n\n\n<p>Wenn Sie der Ansicht sind, dass die Verarbeitung Ihrer Daten gegen das Datenschutzrecht verst\u00f6\u00dft, k\u00f6nnen Sie eine Beschwerde bei der zust\u00e4ndigen Aufsichtsbeh\u00f6rde einreichen. Die DSGVO schreibt Transparenz dar\u00fcber vor, wer personenbezogene Daten verarbeitet, warum, auf welcher Rechtsgrundlage und welche Rechte die betroffenen Personen haben.<br><br>Bei Fragen zum Datenschutz wenden Sie sich bitte an:<\/p>\n\n\n\n<ol start=\"9\" class=\"wp-block-list\"><\/ol>\n\n\n\n<p>office@maxim-steyr.at<\/p>\n\n\n\n<p>\u00c4nderungen dieser Datenschutzerkl\u00e4rung:<br>Wir behalten uns das Recht vor, diese Datenschutzerkl\u00e4rung bei Bedarf zu aktualisieren, um rechtlichen, technischen oder gesch\u00e4ftlichen \u00c4nderungen Rechnung zu tragen.<\/p>\n\n\n\n<ol start=\"10\" class=\"wp-block-list\"><\/ol>\n","protected":false},"excerpt":{"rendered":"<p>Impressum Informationen gem\u00e4\u00df den geltenden \u00f6sterreichischen Rechtsvorschriften Adresse:Badgasse 24400 Steyr\u00d6sterreich Kontakt:E-Mail: office@maxim-steyr.at Website-Inhalte:Die Inhalte dieser Website wurden mit gr\u00f6\u00dftm\u00f6glicher Sorgfalt erstellt. Dennoch wird keine Gew\u00e4hr f\u00fcr die Richtigkeit, Vollst\u00e4ndigkeit und Aktualit\u00e4t der Inhalte \u00fcbernommen. Haftung f\u00fcr Links:Diese Website kann Links zu externen Websites Dritter enthalten. Wir haben keinen Einfluss auf die Inhalte dieser Websites und [&hellip;]<\/p>\n","protected":false},"author":2,"featured_media":0,"parent":0,"menu_order":0,"comment_status":"closed","ping_status":"closed","template":"","meta":{"footnotes":""},"class_list":["post-134","page","type-page","status-publish","hentry"],"_links":{"self":[{"href":"https:\/\/www.maxim-steyr.at\/index.php?rest_route=\/wp\/v2\/pages\/134","targetHints":{"allow":["GET"]}}],"collection":[{"href":"https:\/\/www.maxim-steyr.at\/index.php?rest_route=\/wp\/v2\/pages"}],"about":[{"href":"https:\/\/www.maxim-steyr.at\/index.php?rest_route=\/wp\/v2\/types\/page"}],"author":[{"embeddable":true,"href":"https:\/\/www.maxim-steyr.at\/index.php?rest_route=\/wp\/v2\/users\/2"}],"replies":[{"embeddable":true,"href":"https:\/\/www.maxim-steyr.at\/index.php?rest_route=%2Fwp%2Fv2%2Fcomments&post=134"}],"version-history":[{"count":4,"href":"https:\/\/www.maxim-steyr.at\/index.php?rest_route=\/wp\/v2\/pages\/134\/revisions"}],"predecessor-version":[{"id":184,"href":"https:\/\/www.maxim-steyr.at\/index.php?rest_route=\/wp\/v2\/pages\/134\/revisions\/184"}],"wp:attachment":[{"href":"https:\/\/www.maxim-steyr.at\/index.php?rest_route=%2Fwp%2Fv2%2Fmedia&parent=134"}],"curies":[{"name":"wp","href":"https:\/\/api.w.org\/{rel}","templated":true}]}}